{"id":12,"date":"2017-04-30T07:04:09","date_gmt":"2017-04-30T07:04:09","guid":{"rendered":"http:\/\/pekolana.eu\/?page_id=12"},"modified":"2017-04-30T09:41:51","modified_gmt":"2017-04-30T09:41:51","slug":"individualni-pristup","status":"publish","type":"page","link":"https:\/\/pekolana.eu\/?page_id=12","title":{"rendered":"Individu\u00e1ln\u00ed p\u0159\u00edstup"},"content":{"rendered":"<p>Ka\u017ed\u00fd z\u00e1kazn\u00edk je pro n\u00e1s d\u016fle\u017eit\u00fd, at&#8216; jste mal\u00fd \u017eivnostn\u00edk nebo velk\u00e1 spole\u010dnost, p\u0159iprav\u00edme pro v\u00e1s \u0159e\u0161en\u00ed p\u0159\u00edmo na m\u00edru. Na\u0161e odd\u011blen\u00ed technick\u00e9 podpory prodeje je tvo\u0159eno odborn\u00fdmi pracovn\u00edky, kte\u0159\u00ed jsou soustavn\u011b vzd\u011bl\u00e1ni a pro\u0161kolov\u00e1n\u00ed. \u00a0Ka\u017ed\u00fd p\u0159\u00edpad posuzujeme individu\u00e1ln\u011b a dle po\u017eadavk\u016f a pot\u0159eb z\u00e1kazn\u00edka navrhneme vhodn\u00fd syst\u00e9m \u0159e\u0161en\u00ed tak, aby spl\u0148oval o\u010dek\u00e1van\u00e9 p\u0159edstavy. Sou\u010d\u00e1st\u00ed na\u0161\u00ed slu\u017eby je i komunikace s odborn\u00fdmi firmami, kter\u00fdm p\u0159ipravujeme a konzultujeme podklady n\u00e1vrhu pro kone\u010dnou realizaci zvolen\u00e9ho \u0159e\u0161en\u00ed.<img loading=\"lazy\" decoding=\"async\" class=\"aligncenter size-full wp-image-57\" src=\"https:\/\/pekolana.eu\/wp-content\/uploads\/2017\/04\/Meeting.jpg\" alt=\"\" width=\"1920\" height=\"952\" srcset=\"https:\/\/pekolana.eu\/wp-content\/uploads\/2017\/04\/Meeting.jpg 1920w, https:\/\/pekolana.eu\/wp-content\/uploads\/2017\/04\/Meeting-300x149.jpg 300w, https:\/\/pekolana.eu\/wp-content\/uploads\/2017\/04\/Meeting-768x381.jpg 768w, https:\/\/pekolana.eu\/wp-content\/uploads\/2017\/04\/Meeting-1024x508.jpg 1024w\" sizes=\"auto, (max-width: 1920px) 100vw, 1920px\" \/><\/p>\n","protected":false},"excerpt":{"rendered":"<p>Ka\u017ed\u00fd z\u00e1kazn\u00edk je pro n\u00e1s d\u016fle\u017eit\u00fd, at&#8216; jste mal\u00fd \u017eivnostn\u00edk nebo velk\u00e1 spole\u010dnost, p\u0159iprav\u00edme pro v\u00e1s \u0159e\u0161en\u00ed p\u0159\u00edmo na m\u00edru. Na\u0161e odd\u011blen\u00ed technick\u00e9 podpory prodeje je tvo\u0159eno odborn\u00fdmi pracovn\u00edky, kte\u0159\u00ed jsou soustavn\u011b vzd\u011bl\u00e1ni a pro\u0161kolov\u00e1n\u00ed. \u00a0Ka\u017ed\u00fd p\u0159\u00edpad posuzujeme individu\u00e1ln\u011b a dle po\u017eadavk\u016f a pot\u0159eb z\u00e1kazn\u00edka navrhneme vhodn\u00fd syst\u00e9m \u0159e\u0161en\u00ed tak, aby spl\u0148oval o\u010dek\u00e1van\u00e9 p\u0159edstavy. Sou\u010d\u00e1st\u00ed &hellip; <a href=\"https:\/\/pekolana.eu\/?page_id=12\" class=\"more-link\">Pokra\u010dov\u00e1n\u00ed textu <span class=\"screen-reader-text\">Individu\u00e1ln\u00ed p\u0159\u00edstup<\/span> <span class=\"meta-nav\">&rarr;<\/span><\/a><\/p>\n","protected":false},"author":1,"featured_media":0,"parent":0,"menu_order":0,"comment_status":"closed","ping_status":"closed","template":"","meta":{"footnotes":""},"class_list":["post-12","page","type-page","status-publish","hentry"],"_links":{"self":[{"href":"https:\/\/pekolana.eu\/index.php?rest_route=\/wp\/v2\/pages\/12","targetHints":{"allow":["GET"]}}],"collection":[{"href":"https:\/\/pekolana.eu\/index.php?rest_route=\/wp\/v2\/pages"}],"about":[{"href":"https:\/\/pekolana.eu\/index.php?rest_route=\/wp\/v2\/types\/page"}],"author":[{"embeddable":true,"href":"https:\/\/pekolana.eu\/index.php?rest_route=\/wp\/v2\/users\/1"}],"replies":[{"embeddable":true,"href":"https:\/\/pekolana.eu\/index.php?rest_route=%2Fwp%2Fv2%2Fcomments&post=12"}],"version-history":[{"count":4,"href":"https:\/\/pekolana.eu\/index.php?rest_route=\/wp\/v2\/pages\/12\/revisions"}],"predecessor-version":[{"id":59,"href":"https:\/\/pekolana.eu\/index.php?rest_route=\/wp\/v2\/pages\/12\/revisions\/59"}],"wp:attachment":[{"href":"https:\/\/pekolana.eu\/index.php?rest_route=%2Fwp%2Fv2%2Fmedia&parent=12"}],"curies":[{"name":"wp","href":"https:\/\/api.w.org\/{rel}","templated":true}]}}